{"id":211,"date":"2026-02-25T12:21:28","date_gmt":"2026-02-25T11:21:28","guid":{"rendered":"https:\/\/oflowbattle.styleandfeeling.com\/?page_id=211"},"modified":"2026-03-29T10:39:10","modified_gmt":"2026-03-29T08:39:10","slug":"a-propos","status":"publish","type":"page","link":"https:\/\/oflowbattle.styleandfeeling.com\/index.php\/a-propos\/","title":{"rendered":"\u00c0 propos"},"content":{"rendered":"\t\t<div data-elementor-type=\"wp-page\" data-elementor-id=\"211\" class=\"elementor elementor-211\" data-elementor-post-type=\"page\">\n\t\t\t\t<div class=\"elementor-element elementor-element-ccc2b30 e-flex e-con-boxed e-con e-parent\" data-id=\"ccc2b30\" data-element_type=\"container\" data-e-type=\"container\">\n\t\t\t\t\t<div class=\"e-con-inner\">\n\t\t<div class=\"elementor-element elementor-element-9e188a9 e-con-full e-flex e-con e-child\" data-id=\"9e188a9\" data-element_type=\"container\" data-e-type=\"container\">\n\t\t\t\t<div class=\"elementor-element elementor-element-9993e88 elementor-widget__width-initial elementor-widget elementor-widget-heading\" data-id=\"9993e88\" data-element_type=\"widget\" data-e-type=\"widget\" data-widget_type=\"heading.default\">\n\t\t\t\t\t<h1 class=\"elementor-heading-title elementor-size-default\">O'FLOOW BAT_TLE\nROUEN<\/h1>\t\t\t\t<\/div>\n\t\t\t\t<div class=\"elementor-element elementor-element-aeb7f5d elementor-widget__width-initial elementor-view-default elementor-position-block-start elementor-mobile-position-block-start elementor-widget elementor-widget-icon-box\" data-id=\"aeb7f5d\" data-element_type=\"widget\" data-e-type=\"widget\" data-widget_type=\"icon-box.default\">\n\t\t\t\t\t\t\t<div class=\"elementor-icon-box-wrapper\">\n\n\t\t\t\t\t\t<div class=\"elementor-icon-box-icon\">\n\t\t\t\t<a href=\"https:\/\/www.youtube.com\/live\/oYbyQTmvo3w\" class=\"elementor-icon\" tabindex=\"-1\" aria-label=\"Bat_tle&lt;br&gt;en Direct\" target=\"_blank\" rel=\"noopener\">\n\t\t\t\t<svg aria-hidden=\"true\" class=\"e-font-icon-svg e-fab-youtube\" viewBox=\"0 0 576 512\" xmlns=\"http:\/\/www.w3.org\/2000\/svg\"><path d=\"M549.655 124.083c-6.281-23.65-24.787-42.276-48.284-48.597C458.781 64 288 64 288 64S117.22 64 74.629 75.486c-23.497 6.322-42.003 24.947-48.284 48.597-11.412 42.867-11.412 132.305-11.412 132.305s0 89.438 11.412 132.305c6.281 23.65 24.787 41.5 48.284 47.821C117.22 448 288 448 288 448s170.78 0 213.371-11.486c23.497-6.321 42.003-24.171 48.284-47.821 11.412-42.867 11.412-132.305 11.412-132.305s0-89.438-11.412-132.305zm-317.51 213.508V175.185l142.739 81.205-142.739 81.201z\"><\/path><\/svg>\t\t\t\t<\/a>\n\t\t\t<\/div>\n\t\t\t\n\t\t\t\t\t\t<div class=\"elementor-icon-box-content\">\n\n\t\t\t\t\t\t\t\t\t<h3 class=\"elementor-icon-box-title\">\n\t\t\t\t\t\t<a href=\"https:\/\/www.youtube.com\/live\/oYbyQTmvo3w\" target=\"_blank\" rel=\"noopener\">\n\t\t\t\t\t\t\tBat_tle<br>en Direct\t\t\t\t\t\t<\/a>\n\t\t\t\t\t<\/h3>\n\t\t\t\t\n\t\t\t\t\n\t\t\t<\/div>\n\t\t\t\n\t\t<\/div>\n\t\t\t\t\t\t<\/div>\n\t\t\t\t<\/div>\n\t\t\t\t\t<\/div>\n\t\t\t\t<\/div>\n\t\t<div class=\"elementor-element elementor-element-c6721a8 e-transform e-transform e-flex e-con-boxed e-con e-parent\" data-id=\"c6721a8\" data-element_type=\"container\" data-e-type=\"container\" data-settings=\"{&quot;_transform_rotateZ_effect&quot;:{&quot;unit&quot;:&quot;px&quot;,&quot;size&quot;:0,&quot;sizes&quot;:[]},&quot;_transform_rotateZ_effect_tablet&quot;:{&quot;unit&quot;:&quot;deg&quot;,&quot;size&quot;:&quot;&quot;,&quot;sizes&quot;:[]},&quot;_transform_rotateZ_effect_mobile&quot;:{&quot;unit&quot;:&quot;deg&quot;,&quot;size&quot;:&quot;&quot;,&quot;sizes&quot;:[]},&quot;_transform_scale_effect&quot;:{&quot;unit&quot;:&quot;px&quot;,&quot;size&quot;:&quot;&quot;,&quot;sizes&quot;:[]},&quot;_transform_scale_effect_tablet&quot;:{&quot;unit&quot;:&quot;px&quot;,&quot;size&quot;:&quot;&quot;,&quot;sizes&quot;:[]},&quot;_transform_scale_effect_mobile&quot;:{&quot;unit&quot;:&quot;px&quot;,&quot;size&quot;:&quot;&quot;,&quot;sizes&quot;:[]}}\">\n\t\t\t\t\t<div class=\"e-con-inner\">\n\t\t<div class=\"elementor-element elementor-element-24ec46a e-con-full e-flex e-con e-child\" data-id=\"24ec46a\" data-element_type=\"container\" data-e-type=\"container\">\n\t\t\t\t<div class=\"elementor-element elementor-element-bf47d6c e-transform elementor-widget elementor-widget-heading\" data-id=\"bf47d6c\" data-element_type=\"widget\" data-e-type=\"widget\" data-settings=\"{&quot;_transform_rotateZ_effect&quot;:{&quot;unit&quot;:&quot;px&quot;,&quot;size&quot;:-2,&quot;sizes&quot;:[]},&quot;_transform_rotateZ_effect_tablet&quot;:{&quot;unit&quot;:&quot;deg&quot;,&quot;size&quot;:&quot;&quot;,&quot;sizes&quot;:[]},&quot;_transform_rotateZ_effect_mobile&quot;:{&quot;unit&quot;:&quot;deg&quot;,&quot;size&quot;:&quot;&quot;,&quot;sizes&quot;:[]}}\" data-widget_type=\"heading.default\">\n\t\t\t\t\t<span class=\"elementor-heading-title elementor-size-default\">O'Flow Battle<\/span>\t\t\t\t<\/div>\n\t\t<div class=\"elementor-element elementor-element-4bf596a e-con-full e-flex e-con e-child\" data-id=\"4bf596a\" data-element_type=\"container\" data-e-type=\"container\">\n\t\t\t\t<div class=\"elementor-element elementor-element-fbc7942 elementor-widget__width-inherit elementor-widget elementor-widget-heading\" data-id=\"fbc7942\" data-element_type=\"widget\" data-e-type=\"widget\" data-widget_type=\"heading.default\">\n\t\t\t\t\t<h2 class=\"elementor-heading-title elementor-size-default\">STEVE BAASH<\/h2>\t\t\t\t<\/div>\n\t\t\t\t<\/div>\n\t\t\t\t<\/div>\n\t\t<div class=\"elementor-element elementor-element-29df3ef e-con-full e-flex e-con e-child\" data-id=\"29df3ef\" data-element_type=\"container\" data-e-type=\"container\">\n\t\t<div class=\"elementor-element elementor-element-f120b28 e-con-full e-flex e-con e-child\" data-id=\"f120b28\" data-element_type=\"container\" data-e-type=\"container\">\n\t\t\t\t<div class=\"elementor-element elementor-element-73e89ab e-transform elementor-widget elementor-widget-heading\" data-id=\"73e89ab\" data-element_type=\"widget\" data-e-type=\"widget\" data-settings=\"{&quot;_transform_rotateZ_effect&quot;:{&quot;unit&quot;:&quot;px&quot;,&quot;size&quot;:-2,&quot;sizes&quot;:[]},&quot;_transform_rotateZ_effect_tablet&quot;:{&quot;unit&quot;:&quot;deg&quot;,&quot;size&quot;:&quot;&quot;,&quot;sizes&quot;:[]},&quot;_transform_rotateZ_effect_mobile&quot;:{&quot;unit&quot;:&quot;deg&quot;,&quot;size&quot;:&quot;&quot;,&quot;sizes&quot;:[]}}\" data-widget_type=\"heading.default\">\n\t\t\t\t\t<h3 class=\"elementor-heading-title elementor-size-default\">Fondateur<\/h3>\t\t\t\t<\/div>\n\t\t<div class=\"elementor-element elementor-element-9f392dc e-con-full e-flex e-con e-child\" data-id=\"9f392dc\" data-element_type=\"container\" data-e-type=\"container\">\n\t\t<div class=\"elementor-element elementor-element-48d5094 e-con-full e-flex e-con e-child\" data-id=\"48d5094\" data-element_type=\"container\" data-e-type=\"container\">\n\t\t\t\t<div class=\"elementor-element elementor-element-25100ed elementor-widget elementor-widget-image\" data-id=\"25100ed\" data-element_type=\"widget\" data-e-type=\"widget\" data-widget_type=\"image.default\">\n\t\t\t\t\t\t\t\t\t\t\t\t\t\t\t<img fetchpriority=\"high\" decoding=\"async\" width=\"800\" height=\"800\" src=\"https:\/\/oflowbattle.styleandfeeling.com\/wp-content\/uploads\/2026\/02\/steve.png\" class=\"attachment-large size-large wp-image-126\" alt=\"\" srcset=\"https:\/\/oflowbattle.styleandfeeling.com\/wp-content\/uploads\/2026\/02\/steve.png 960w, https:\/\/oflowbattle.styleandfeeling.com\/wp-content\/uploads\/2026\/02\/steve-300x300.png 300w, https:\/\/oflowbattle.styleandfeeling.com\/wp-content\/uploads\/2026\/02\/steve-150x150.png 150w, https:\/\/oflowbattle.styleandfeeling.com\/wp-content\/uploads\/2026\/02\/steve-768x768.png 768w\" sizes=\"(max-width: 800px) 100vw, 800px\" \/>\t\t\t\t\t\t\t\t\t\t\t\t\t\t\t<\/div>\n\t\t<div class=\"elementor-element elementor-element-f5dff24 e-con-full e-flex e-con e-child\" data-id=\"f5dff24\" data-element_type=\"container\" data-e-type=\"container\">\n\t\t\t\t<div class=\"elementor-element elementor-element-38afcd4 premium-header-block premium-lq__none premium-box-lq__none elementor-widget elementor-widget-premium-addon-dual-header\" data-id=\"38afcd4\" data-element_type=\"widget\" data-e-type=\"widget\" data-widget_type=\"premium-addon-dual-header.default\">\n\t\t\t\t\t\n\t\t<div class=\"elementor-widget-container\">\n\t\t\t\t<a href=\"https:\/\/www.instagram.com\/babeebash\/\" target=\"_blank\" rel=\"noopener\">\n\t\t\t\t\t<h3 class=\"premium-dual-header-first-header \"><span class=\"premium-dual-header-first-span\">Steve Bash <\/span><span class=\"premium-dual-header-second-header \">@babeebash<\/span><\/h3> \t\t\t\t<\/a>\n\t\t\t\t<\/div>\n\n\t\t\t\t\t\t<\/div>\n\t\t\t\t<\/div>\n\t\t\t\t<\/div>\n\t\t\t\t<\/div>\n\t\t\t\t<\/div>\n\t\t<div class=\"elementor-element elementor-element-280e765 e-con-full e-flex e-con e-child\" data-id=\"280e765\" data-element_type=\"container\" data-e-type=\"container\">\n\t\t\t\t<div class=\"elementor-element elementor-element-157fc05 elementor-widget elementor-widget-text-editor\" data-id=\"157fc05\" data-element_type=\"widget\" data-e-type=\"widget\" data-widget_type=\"text-editor.default\">\n\t\t\t\t\t\t\t\t\t<p>Artiste aux multiples facettes (danseur, Dj, passeur culturel et organisateur d\u2019\u00e9v\u00e9nement).<\/p><p>Steve Bash danseur Hip hop et House Dancer, acteur de la culture depuis 2001.<\/p><p>Il \u0153uvre pour la transmission, l\u2019organisation d\u2019\u00e9v\u00e9nement (stages, battle, soir\u00e9es\u2026) en Europe, en France et notamment dans sa ville natale : Rouen.<\/p>\t\t\t\t\t\t\t\t<\/div>\n\t\t\t\t<div class=\"elementor-element elementor-element-6c4d0d6 elementor-mobile-align-justify elementor-widget elementor-widget-button\" data-id=\"6c4d0d6\" data-element_type=\"widget\" data-e-type=\"widget\" data-widget_type=\"button.default\">\n\t\t\t\t\t\t\t\t\t\t<a class=\"elementor-button elementor-button-link elementor-size-sm\" href=\"#elementor-action%3Aaction%3Dpopup%3Aopen%26settings%3DeyJpZCI6IjUxNyIsInRvZ2dsZSI6ZmFsc2V9\">\n\t\t\t\t\t\t<span class=\"elementor-button-content-wrapper\">\n\t\t\t\t\t\t\t\t\t<span class=\"elementor-button-text\">Contacter le staf_f<\/span>\n\t\t\t\t\t<\/span>\n\t\t\t\t\t<\/a>\n\t\t\t\t\t\t\t\t<\/div>\n\t\t\t\t<\/div>\n\t\t\t\t<\/div>\n\t\t\t\t\t<\/div>\n\t\t\t\t<\/div>\n\t\t<div class=\"elementor-element elementor-element-d5f0f13 e-transform e-transform e-flex e-con-boxed e-con e-parent\" data-id=\"d5f0f13\" data-element_type=\"container\" data-e-type=\"container\" data-settings=\"{&quot;_transform_rotateZ_effect&quot;:{&quot;unit&quot;:&quot;px&quot;,&quot;size&quot;:0,&quot;sizes&quot;:[]},&quot;_transform_rotateZ_effect_tablet&quot;:{&quot;unit&quot;:&quot;deg&quot;,&quot;size&quot;:&quot;&quot;,&quot;sizes&quot;:[]},&quot;_transform_rotateZ_effect_mobile&quot;:{&quot;unit&quot;:&quot;deg&quot;,&quot;size&quot;:&quot;&quot;,&quot;sizes&quot;:[]},&quot;_transform_scale_effect&quot;:{&quot;unit&quot;:&quot;px&quot;,&quot;size&quot;:&quot;&quot;,&quot;sizes&quot;:[]},&quot;_transform_scale_effect_tablet&quot;:{&quot;unit&quot;:&quot;px&quot;,&quot;size&quot;:&quot;&quot;,&quot;sizes&quot;:[]},&quot;_transform_scale_effect_mobile&quot;:{&quot;unit&quot;:&quot;px&quot;,&quot;size&quot;:&quot;&quot;,&quot;sizes&quot;:[]}}\">\n\t\t\t\t\t<div class=\"e-con-inner\">\n\t\t<div class=\"elementor-element elementor-element-d8ac098 e-con-full e-flex e-con e-child\" data-id=\"d8ac098\" data-element_type=\"container\" data-e-type=\"container\">\n\t\t\t\t<div class=\"elementor-element elementor-element-a0ab536 e-transform elementor-widget elementor-widget-heading\" data-id=\"a0ab536\" data-element_type=\"widget\" data-e-type=\"widget\" data-settings=\"{&quot;_transform_rotateZ_effect&quot;:{&quot;unit&quot;:&quot;px&quot;,&quot;size&quot;:-2,&quot;sizes&quot;:[]},&quot;_transform_rotateZ_effect_tablet&quot;:{&quot;unit&quot;:&quot;deg&quot;,&quot;size&quot;:&quot;&quot;,&quot;sizes&quot;:[]},&quot;_transform_rotateZ_effect_mobile&quot;:{&quot;unit&quot;:&quot;deg&quot;,&quot;size&quot;:&quot;&quot;,&quot;sizes&quot;:[]}}\" data-widget_type=\"heading.default\">\n\t\t\t\t\t<span class=\"elementor-heading-title elementor-size-default\">Since 2013<\/span>\t\t\t\t<\/div>\n\t\t<div class=\"elementor-element elementor-element-65081f4 e-con-full e-flex e-con e-child\" data-id=\"65081f4\" data-element_type=\"container\" data-e-type=\"container\">\n\t\t\t\t<div class=\"elementor-element elementor-element-8eef155 elementor-widget__width-inherit elementor-widget elementor-widget-heading\" data-id=\"8eef155\" data-element_type=\"widget\" data-e-type=\"widget\" data-widget_type=\"heading.default\">\n\t\t\t\t\t<h2 class=\"elementor-heading-title elementor-size-default\">Le bat_tle<\/h2>\t\t\t\t<\/div>\n\t\t\t\t<\/div>\n\t\t\t\t<\/div>\n\t\t<div class=\"elementor-element elementor-element-11bf2b4 e-flex e-con-boxed e-con e-child\" data-id=\"11bf2b4\" data-element_type=\"container\" data-e-type=\"container\">\n\t\t\t\t\t<div class=\"e-con-inner\">\n\t\t\t\t<div class=\"elementor-element elementor-element-7f77f9a elementor-widget__width-initial elementor-widget elementor-widget-text-editor\" data-id=\"7f77f9a\" data-element_type=\"widget\" data-e-type=\"widget\" data-widget_type=\"text-editor.default\">\n\t\t\t\t\t\t\t\t\t<p class=\"elementor-heading-title elementor-size-default\"><strong>O&#8217;FLOW TOUJOURS PLUS HAUT<\/strong><\/p><p>&#8220;O&#8221; pour la hauteur, l&#8217;\u00e9l\u00e9vation de soi-m\u00eame.<br \/>&#8220;FLOW&#8221; pour l&#8217;identit\u00e9, la personnalit\u00e9.<\/p><p>Cr\u00e9\u00e9 en 2011,\u00a0<b>O\u2019flow Battle<\/b>\u00a0anciennement Instinct Battle est devenu un \u00e9v\u00e9nement majeur de la sc\u00e8ne Hip Hop Normande et Fran\u00e7aise.<\/p><p>Des centaines de participants sont venus tenter leur chance pour remporter la comp\u00e9tition !<\/p><p>Les meilleurs danseurs Fran\u00e7ais sont venus s\u2019affronter \u00e0\u00a0<b>Rouen<\/b>\u00a0(Canteleu) devant un jury expert et reconnus dans la sph\u00e8re Hip Hop.<\/p><p>La comp\u00e9tition regroupe 3 styles :\u00a0<b>Le Hip Hop New Style<\/b>\u00a0en 2VS2,\u00a0<b>La House Dance<\/b>\u00a0en Seven to Smoke,\u00a0<b>Le Popping<\/b>\u00a0en\u00a0 1VS1 et enfin la cat\u00e9gorie\u00a0<b>Kids<\/b>.<\/p>\t\t\t\t\t\t\t\t<\/div>\n\t\t\t\t<div class=\"elementor-element elementor-element-e105888 elementor-widget elementor-widget-button\" data-id=\"e105888\" data-element_type=\"widget\" data-e-type=\"widget\" data-widget_type=\"button.default\">\n\t\t\t\t\t\t\t\t\t\t<a class=\"elementor-button elementor-button-link elementor-size-sm\" href=\"#elementor-action%3Aaction%3Dpopup%3Aopen%26settings%3DeyJpZCI6IjUxNyIsInRvZ2dsZSI6ZmFsc2V9\">\n\t\t\t\t\t\t<span class=\"elementor-button-content-wrapper\">\n\t\t\t\t\t\t\t\t\t<span class=\"elementor-button-text\">Devenir partenaire de l'\u00e9v\u00e8nement<\/span>\n\t\t\t\t\t<\/span>\n\t\t\t\t\t<\/a>\n\t\t\t\t\t\t\t\t<\/div>\n\t\t\t\t\t<\/div>\n\t\t\t\t<\/div>\n\t\t\t\t\t<\/div>\n\t\t\t\t<\/div>\n\t\t\t\t<\/div>\n\t\t","protected":false},"excerpt":{"rendered":"<p>O&#8217;FLOOW BAT_TLE ROUEN Bat_tleen Direct O&#8217;Flow Battle STEVE BAASH Fondateur Steve Bash @babeebash Artiste aux multiples facettes (danseur, Dj, passeur culturel et organisateur d\u2019\u00e9v\u00e9nement). Steve Bash danseur Hip hop et House Dancer, acteur de la culture depuis 2001. Il \u0153uvre pour la transmission, l\u2019organisation d\u2019\u00e9v\u00e9nement (stages, battle, soir\u00e9es\u2026) en Europe, en France et notamment dans [&hellip;]<\/p>\n","protected":false},"author":1,"featured_media":0,"parent":0,"menu_order":0,"comment_status":"closed","ping_status":"closed","template":"","meta":{"_acf_changed":false,"footnotes":""},"class_list":["post-211","page","type-page","status-publish","hentry"],"acf":[],"_links":{"self":[{"href":"https:\/\/oflowbattle.styleandfeeling.com\/index.php\/wp-json\/wp\/v2\/pages\/211","targetHints":{"allow":["GET"]}}],"collection":[{"href":"https:\/\/oflowbattle.styleandfeeling.com\/index.php\/wp-json\/wp\/v2\/pages"}],"about":[{"href":"https:\/\/oflowbattle.styleandfeeling.com\/index.php\/wp-json\/wp\/v2\/types\/page"}],"author":[{"embeddable":true,"href":"https:\/\/oflowbattle.styleandfeeling.com\/index.php\/wp-json\/wp\/v2\/users\/1"}],"replies":[{"embeddable":true,"href":"https:\/\/oflowbattle.styleandfeeling.com\/index.php\/wp-json\/wp\/v2\/comments?post=211"}],"version-history":[{"count":44,"href":"https:\/\/oflowbattle.styleandfeeling.com\/index.php\/wp-json\/wp\/v2\/pages\/211\/revisions"}],"predecessor-version":[{"id":702,"href":"https:\/\/oflowbattle.styleandfeeling.com\/index.php\/wp-json\/wp\/v2\/pages\/211\/revisions\/702"}],"wp:attachment":[{"href":"https:\/\/oflowbattle.styleandfeeling.com\/index.php\/wp-json\/wp\/v2\/media?parent=211"}],"curies":[{"name":"wp","href":"https:\/\/api.w.org\/{rel}","templated":true}]}}